{"id":198,"date":"2021-05-02T19:44:54","date_gmt":"2021-05-02T19:44:54","guid":{"rendered":"http:\/\/laboratorio.bitcore.com.mx\/?page_id=198"},"modified":"2025-03-05T16:57:26","modified_gmt":"2025-03-05T22:57:26","slug":"conocimiento-inmobiliario","status":"publish","type":"page","link":"https:\/\/realestatesanluispotosi.com\/english\/conocimiento-inmobiliario\/","title":{"rendered":"Real estate knowledge"},"content":{"rendered":"<div class=\"banner has-hover has-parallax\" id=\"banner-552806933\">\n          <div class=\"banner-inner fill\">\n        <div class=\"banner-bg fill\" data-parallax=\"-4\" data-parallax-container=\".banner\" data-parallax-background>\n            <div class=\"bg fill bg-fill\"><\/div>\n                        <div class=\"overlay\"><\/div>            \n                    <\/div><!-- bg-layers -->\n        <div class=\"banner-layers container\">\n            <div class=\"fill banner-link\"><\/div>            \n\n   <div id=\"text-box-1165594115\" class=\"text-box banner-layer x50 md-x50 lg-x50 y50 md-y50 lg-y50 res-text\">\n                                <div class=\"text dark\">\n              \n              <div class=\"text-inner text-center\">\n                  \n\n<h3 class=\"uppercase\">&nbsp;<\/h3>\n<h3><strong>REAL ESTATE KNOWLEDGE<\/strong><\/h3>\n<p><span style=\"font-size: 85%;\">&nbsp;<\/span><\/p>\n<p>&nbsp;<\/p>\n\n              <\/div>\n           <\/div><!-- text-box-inner -->\n                            \n<style scope=\"scope\">\n\n#text-box-1165594115 {\n  width: 57%;\n}\n#text-box-1165594115 .text {\n  font-size: 100%;\n}\n<\/style>\n    <\/div><!-- text-box -->\n \n\n        <\/div><!-- .banner-layers -->\n      <\/div><!-- .banner-inner -->\n\n            \n<style scope=\"scope\">\n\n#banner-552806933 {\n  padding-top: 330px;\n}\n#banner-552806933 .bg.bg-loaded {\n  background-image: url(https:\/\/realestatesanluispotosi.com\/wp-content\/uploads\/2021\/05\/residential-brick-house-1024x683.jpg);\n}\n#banner-552806933 .overlay {\n  background-color: rgba(0, 0, 0, 0.15);\n}\n#banner-552806933 .bg {\n  background-position: 60% 98%;\n}\n<\/style>\n  <\/div><!-- .banner -->\n\n\n\t<section class=\"section\" id=\"section_581454348\">\n\t\t<div class=\"bg section-bg fill bg-fill  bg-loaded\" >\n\n\t\t\t\n\t\t\t\n\t\t\t\n\n\t\t<\/div><!-- .section-bg -->\n\n\t\t<div class=\"section-content relative\">\n\t\t\t\n\n<div class=\"gap-element\" style=\"display:block; height:auto; padding-top:30px\"><\/div>\n\n<div class=\"row row-small align-center\"  id=\"row-944231346\">\n\n<div class=\"col medium-9 small-12 large-9\"  ><div class=\"col-inner text-center\" style=\"padding:0px 0px 0px 0px;margin:0px 0px -25px 0px;\" >\n\n<h2><strong>\u201cTHE REAL ESTATE AGENT<\/strong><br><strong>LEGALLY AUTHORIZED\u201d<\/strong><\/h2>\n\n<\/div><\/div>\n\n\n<style scope=\"scope\">\n\n#row-944231346 > .col > .col-inner {\n  padding: 0px 0px 0px 0px;\n}\n<\/style>\n<\/div>\n\n\t\t<\/div><!-- .section-content -->\n\n\t\t\n<style scope=\"scope\">\n\n#section_581454348 {\n  padding-top: 38px;\n  padding-bottom: 38px;\n}\n<\/style>\n\t<\/section>\n\t\n\t<section class=\"section\" id=\"section_1046838329\">\n\t\t<div class=\"bg section-bg fill bg-fill  bg-loaded\" >\n\n\t\t\t\n\t\t\t<div class=\"section-bg-overlay absolute fill\"><\/div>\n\t\t\t\n\n\t\t<\/div><!-- .section-bg -->\n\n\t\t<div class=\"section-content relative\">\n\t\t\t\n\n<div class=\"row row-large align-middle\"  id=\"row-174306040\">\n\n<div class=\"col medium-6 small-12 large-6\"  ><div class=\"col-inner text-left\"  >\n\n<p>&nbsp;<\/p>\n<p>Real estate is a service industry, a person-to-person business. Therefore, we seek the client's goals and needs to produce the results they are looking for. Our education, dedication and experience guarantee the quality of our services.<\/p>\n<p>We are constantly involved with the latest in real estate continuing education so that we can give the best advice to our clients.<\/p>\n<p>&nbsp;<\/p>\n\n<\/div><\/div>\n<div class=\"col medium-6 small-12 large-6\"  ><div class=\"col-inner\"  >\n\n\t<div class=\"img has-hover x md-x lg-x y md-y lg-y\" id=\"image_1661416073\">\n\t\t\t\t\t\t\t\t<div class=\"img-inner dark\" >\n\t\t\t<img decoding=\"async\" width=\"1020\" height=\"654\" data-src=\"https:\/\/realestatesanluispotosi.com\/wp-content\/uploads\/2021\/05\/urban-landscape-1024x657.jpg\" class=\"attachment-large size-large lazyload\" alt=\"\" data-srcset=\"https:\/\/realestatesanluispotosi.com\/wp-content\/uploads\/2021\/05\/urban-landscape-1024x657.jpg 1024w, https:\/\/realestatesanluispotosi.com\/wp-content\/uploads\/2021\/05\/urban-landscape-300x193.jpg 300w, https:\/\/realestatesanluispotosi.com\/wp-content\/uploads\/2021\/05\/urban-landscape-768x493.jpg 768w, https:\/\/realestatesanluispotosi.com\/wp-content\/uploads\/2021\/05\/urban-landscape-1536x986.jpg 1536w, https:\/\/realestatesanluispotosi.com\/wp-content\/uploads\/2021\/05\/urban-landscape-2048x1314.jpg 2048w\" data-sizes=\"(max-width: 1020px) 100vw, 1020px\" src=\"data:image\/svg+xml;base64,PHN2ZyB3aWR0aD0iMSIgaGVpZ2h0PSIxIiB4bWxucz0iaHR0cDovL3d3dy53My5vcmcvMjAwMC9zdmciPjwvc3ZnPg==\" style=\"--smush-placeholder-width: 1020px; --smush-placeholder-aspect-ratio: 1020\/654;\" \/>\t\t\t\t\t\t\n\t\t\t\t\t<\/div>\n\t\t\t\t\t\t\t\t\n<style scope=\"scope\">\n\n#image_1661416073 {\n  width: 100%;\n}\n<\/style>\n\t<\/div>\n\t\n\n\n<\/div><\/div>\n\n\n<style scope=\"scope\">\n\n<\/style>\n<\/div>\n<div class=\"message-box relative dark\" style=\"padding-top:60px;padding-bottom:60px;\"><div class=\"message-box-bg-image bg-fill fill\" ><\/div><div class=\"message-box-bg-overlay bg-fill fill\" style=\"background-color:rgb(16, 134, 10);\"><\/div><div class=\"container relative\"><div class=\"inner last-reset\">\n\n<div class=\"row align-middle align-center\"  id=\"row-331478099\">\n\n<div class=\"col medium-9 small-12 large-9\"  ><div class=\"col-inner\"  >\n\n<p style=\"text-align: center;\"> Baez Real Estate San Luis Potos\u00ed ha estado en el negocio de bienes ra\u00edces desde 1993. Tenemos la reputaci\u00f3n de haber sido uno de los mejores corredores de bienes ra\u00edces en el estado de San Luis Potos\u00ed. Tenemos las siguientes designaciones y certificaciones en el negocio de Bienes Ra\u00edces:<\/p>\n\n<\/div><\/div>\n\n\n<style scope=\"scope\">\n\n<\/style>\n<\/div>\n\n<\/div><\/div><\/div>\n\n\t\t<\/div><!-- .section-content -->\n\n\t\t\n<style scope=\"scope\">\n\n#section_1046838329 {\n  padding-top: 60px;\n  padding-bottom: 60px;\n  background-color: rgb(193, 193, 193);\n}\n#section_1046838329 .section-bg-overlay {\n  background-color: rgba(255, 255, 255, 0.85);\n}\n<\/style>\n\t<\/section>\n\t\n\t<section class=\"section\" id=\"section_978810096\">\n\t\t<div class=\"bg section-bg fill bg-fill  bg-loaded\" >\n\n\t\t\t\n\t\t\t<div class=\"section-bg-overlay absolute fill\"><\/div>\n\t\t\t\n\n\t\t<\/div><!-- .section-bg -->\n\n\t\t<div class=\"section-content relative\">\n\t\t\t\n\n<div class=\"row row-large align-middle\"  id=\"row-1497308085\">\n\n<div class=\"col medium-6 small-12 large-6\"  ><div class=\"col-inner text-left\"  >\n\n<p>\u2013 Member of the Association of Real Estate Professionals of the city of San Luis Potos\u00ed, (AMPI SLP) since 1998<\/p>\n<p>\u2013 He has held, seven times, managerial positions within the Association of Real Estate Professionals of the city of San Luis Potos\u00ed, (AMPI SLP).<\/p>\n<p>\u2013 Association of the National Association of Real Estate Professionals, CA (federal level)<\/p>\n<p>\u2013 Real estate agent certified by the government of the state of San Luis Potos\u00ed, with the real estate license number:<\/p>\n<p>SDE-RAI-AGIR-02-006 (The sixth awarded in the entire state of San Luis Potos\u00ed).<\/p>\n<p>\u2013 REALTOR NRDS Partner ID: 061215970<\/p>\n<p>&nbsp;<\/p>\n\n<\/div><\/div>\n<div class=\"col medium-6 small-12 large-6\"  ><div class=\"col-inner\"  >\n\n\t<div class=\"img has-hover x md-x lg-x y md-y lg-y\" id=\"image_1516270605\">\n\t\t\t\t\t\t\t\t<div class=\"img-inner dark\" >\n\t\t\t<img decoding=\"async\" width=\"821\" height=\"1024\" data-src=\"https:\/\/realestatesanluispotosi.com\/wp-content\/uploads\/2021\/05\/beauty-modern-isolated-on-white-cheerful-adult-821x1024.png\" class=\"attachment-large size-large lazyload\" alt=\"\" data-srcset=\"https:\/\/realestatesanluispotosi.com\/wp-content\/uploads\/2021\/05\/beauty-modern-isolated-on-white-cheerful-adult-821x1024.png 821w, https:\/\/realestatesanluispotosi.com\/wp-content\/uploads\/2021\/05\/beauty-modern-isolated-on-white-cheerful-adult-241x300.png 241w, https:\/\/realestatesanluispotosi.com\/wp-content\/uploads\/2021\/05\/beauty-modern-isolated-on-white-cheerful-adult-768x957.png 768w, https:\/\/realestatesanluispotosi.com\/wp-content\/uploads\/2021\/05\/beauty-modern-isolated-on-white-cheerful-adult-1232x1536.png 1232w, https:\/\/realestatesanluispotosi.com\/wp-content\/uploads\/2021\/05\/beauty-modern-isolated-on-white-cheerful-adult-1643x2048.png 1643w\" data-sizes=\"(max-width: 821px) 100vw, 821px\" src=\"data:image\/svg+xml;base64,PHN2ZyB3aWR0aD0iMSIgaGVpZ2h0PSIxIiB4bWxucz0iaHR0cDovL3d3dy53My5vcmcvMjAwMC9zdmciPjwvc3ZnPg==\" style=\"--smush-placeholder-width: 821px; --smush-placeholder-aspect-ratio: 821\/1024;\" \/>\t\t\t\t\t\t\n\t\t\t\t\t<\/div>\n\t\t\t\t\t\t\t\t\n<style scope=\"scope\">\n\n#image_1516270605 {\n  width: 100%;\n}\n<\/style>\n\t<\/div>\n\t\n\n\n<\/div><\/div>\n\n\n<style scope=\"scope\">\n\n<\/style>\n<\/div>\n\n\t\t<\/div><!-- .section-content -->\n\n\t\t\n<style scope=\"scope\">\n\n#section_978810096 {\n  padding-top: 60px;\n  padding-bottom: 60px;\n  background-color: rgb(193, 193, 193);\n}\n#section_978810096 .section-bg-overlay {\n  background-color: rgba(255, 255, 255, 0.85);\n}\n<\/style>\n\t<\/section>\n\t\n\t<section class=\"section\" id=\"section_1325526179\">\n\t\t<div class=\"bg section-bg fill bg-fill  bg-loaded\" >\n\n\t\t\t\n\t\t\t<div class=\"section-bg-overlay absolute fill\"><\/div>\n\t\t\t\n\n\t\t<\/div><!-- .section-bg -->\n\n\t\t<div class=\"section-content relative\">\n\t\t\t\n\n<div class=\"row row-large align-middle\"  id=\"row-522600299\">\n\n<div class=\"col medium-6 small-12 large-6\"  ><div class=\"col-inner\"  >\n\n\t<div class=\"img has-hover x md-x lg-x y md-y lg-y\" id=\"image_1650979352\">\n\t\t\t\t\t\t\t\t<div class=\"img-inner dark\" >\n\t\t\t<img decoding=\"async\" width=\"855\" height=\"646\" data-src=\"https:\/\/realestatesanluispotosi.com\/wp-content\/uploads\/2021\/05\/Baez-Logo-Real-Estate-1.png\" class=\"attachment-large size-large lazyload\" alt=\"Baez Real estate bienes ra\u00edces\" data-srcset=\"https:\/\/realestatesanluispotosi.com\/wp-content\/uploads\/2021\/05\/Baez-Logo-Real-Estate-1.png 855w, https:\/\/realestatesanluispotosi.com\/wp-content\/uploads\/2021\/05\/Baez-Logo-Real-Estate-1-300x227.png 300w, https:\/\/realestatesanluispotosi.com\/wp-content\/uploads\/2021\/05\/Baez-Logo-Real-Estate-1-768x580.png 768w\" data-sizes=\"(max-width: 855px) 100vw, 855px\" src=\"data:image\/svg+xml;base64,PHN2ZyB3aWR0aD0iMSIgaGVpZ2h0PSIxIiB4bWxucz0iaHR0cDovL3d3dy53My5vcmcvMjAwMC9zdmciPjwvc3ZnPg==\" style=\"--smush-placeholder-width: 855px; --smush-placeholder-aspect-ratio: 855\/646;\" \/>\t\t\t\t\t\t\n\t\t\t\t\t<\/div>\n\t\t\t\t\t\t\t\t\n<style scope=\"scope\">\n\n#image_1650979352 {\n  width: 100%;\n}\n<\/style>\n\t<\/div>\n\t\n\n\n<\/div><\/div>\n<div class=\"col medium-6 small-12 large-6\"  ><div class=\"col-inner text-left\"  >\n\n<p>En 2015, el Gobierno del Estado de San Luis Potos\u00ed, autoriz\u00f3 la \u00faltima modificaci\u00f3n a la LEY DEL REGISTRO DE AGENTES INMOBILIARIOS DEL ESTADO DE SAN LUIS POTOS\u00cd, emitiendo las primeras licencias en el a\u00f1o 2017, que hoy en d\u00eda solo existen aproximadamente 30 en vigencia, y somos uno de los pocos agentes de bienes ra\u00edces, que legalmente podemos operar bienes ra\u00edces en todo el estado de San Luis Potos\u00ed<\/p>\n\n<\/div><\/div>\n\n\n<style scope=\"scope\">\n\n<\/style>\n<\/div>\n\n\t\t<\/div><!-- .section-content -->\n\n\t\t\n<style scope=\"scope\">\n\n#section_1325526179 {\n  padding-top: 60px;\n  padding-bottom: 60px;\n  background-color: rgb(193, 193, 193);\n}\n#section_1325526179 .section-bg-overlay {\n  background-color: rgba(255, 255, 255, 0.85);\n}\n<\/style>\n\t<\/section>","protected":false},"excerpt":{"rendered":"","protected":false},"author":1,"featured_media":0,"parent":0,"menu_order":0,"comment_status":"closed","ping_status":"closed","template":"page-blank.php","meta":{"_joinchat":[],"footnotes":""},"class_list":["post-198","page","type-page","status-publish","hentry"],"yoast_head":"<!-- This site is optimized with the Yoast SEO plugin v27.1.1 - https:\/\/yoast.com\/product\/yoast-seo-wordpress\/ -->\n<title>Conocimiento inmobiliario - agente inmobiliario autorizado<\/title>\n<meta name=\"description\" content=\"EL AGENTE INMOBILIARIO LEGALMENTE AUTORIZADO ,Los bienes ra\u00edces son una industria de servicios, un negocio de persona a persona\" \/>\n<meta name=\"robots\" content=\"index, follow, max-image-preview:large, max-video-preview:-1, nosnippet\" \/>\n<link rel=\"canonical\" href=\"https:\/\/realestatesanluispotosi.com\/english\/conocimiento-inmobiliario\/\" \/>\n<meta property=\"og:locale\" content=\"en_US\" \/>\n<meta property=\"og:type\" content=\"article\" \/>\n<meta property=\"og:title\" content=\"Baez Real Estate - Conocimiento inmobiliario\" \/>\n<meta property=\"og:description\" content=\"En 2015, el Gobierno del Estado de San Luis Potos\u00ed, autoriz\u00f3 la \u00faltima modificaci\u00f3n a la LEY DEL REGISTRO DE AGENTES INMOBILIARIOS DEL ESTADO DE SAN LUIS\" \/>\n<meta property=\"og:url\" content=\"https:\/\/realestatesanluispotosi.com\/english\/conocimiento-inmobiliario\/\" \/>\n<meta property=\"og:site_name\" content=\"Baez Real Estate\" \/>\n<meta property=\"article:publisher\" content=\"https:\/\/www.facebook.com\/BaezRealEstateSanLuisPotosi\" \/>\n<meta property=\"article:modified_time\" content=\"2025-03-05T22:57:26+00:00\" \/>\n<meta property=\"og:image\" content=\"https:\/\/realestatesanluispotosi.com\/wp-content\/uploads\/2021\/05\/residential-brick-house-scaled.jpg\" \/>\n\t<meta property=\"og:image:width\" content=\"2560\" \/>\n\t<meta property=\"og:image:height\" content=\"1707\" \/>\n\t<meta property=\"og:image:type\" content=\"image\/jpeg\" \/>\n<meta name=\"twitter:card\" content=\"summary_large_image\" \/>\n<meta name=\"twitter:title\" content=\"Baez Real Estate - Conocimiento inmobiliario\" \/>\n<meta name=\"twitter:description\" content=\"En 2015, el Gobierno del Estado de San Luis Potos\u00ed, autoriz\u00f3 la \u00faltima modificaci\u00f3n a la LEY DEL REGISTRO DE AGENTES INMOBILIARIOS DEL ESTADO DE SAN LUIS\" \/>\n<meta name=\"twitter:image\" content=\"https:\/\/realestatesanluispotosi.com\/wp-content\/uploads\/2021\/05\/residential-brick-house-scaled.jpg\" \/>\n<meta name=\"twitter:label1\" content=\"Est. reading time\" \/>\n\t<meta name=\"twitter:data1\" content=\"3 minutes\" \/>\n<script type=\"application\/ld+json\" class=\"yoast-schema-graph\">{\"@context\":\"https:\/\/schema.org\",\"@graph\":[{\"@type\":\"WebPage\",\"@id\":\"https:\/\/realestatesanluispotosi.com\/conocimiento-inmobiliario\/\",\"url\":\"https:\/\/realestatesanluispotosi.com\/conocimiento-inmobiliario\/\",\"name\":\"Conocimiento inmobiliario - agente inmobiliario autorizado\",\"isPartOf\":{\"@id\":\"https:\/\/realestatesanluispotosi.com\/#website\"},\"datePublished\":\"2021-05-02T19:44:54+00:00\",\"dateModified\":\"2025-03-05T22:57:26+00:00\",\"description\":\"EL AGENTE INMOBILIARIO LEGALMENTE AUTORIZADO ,Los bienes ra\u00edces son una industria de servicios, un negocio de persona a persona\",\"breadcrumb\":{\"@id\":\"https:\/\/realestatesanluispotosi.com\/conocimiento-inmobiliario\/#breadcrumb\"},\"inLanguage\":\"en-US\",\"potentialAction\":[{\"@type\":\"ReadAction\",\"target\":[\"https:\/\/realestatesanluispotosi.com\/conocimiento-inmobiliario\/\"]}]},{\"@type\":\"BreadcrumbList\",\"@id\":\"https:\/\/realestatesanluispotosi.com\/conocimiento-inmobiliario\/#breadcrumb\",\"itemListElement\":[{\"@type\":\"ListItem\",\"position\":1,\"name\":\"Inicio\",\"item\":\"https:\/\/realestatesanluispotosi.com\/\"},{\"@type\":\"ListItem\",\"position\":2,\"name\":\"mendizabal, agente inmobiliario, Balmaceda, ventas eufer\"}]},{\"@type\":\"WebSite\",\"@id\":\"https:\/\/realestatesanluispotosi.com\/#website\",\"url\":\"https:\/\/realestatesanluispotosi.com\/\",\"name\":\"Baez Real Estate\",\"description\":\"Inmobiliaria, especialista en  la compra y venta de bienes raizes\",\"publisher\":{\"@id\":\"https:\/\/realestatesanluispotosi.com\/#organization\"},\"potentialAction\":[{\"@type\":\"SearchAction\",\"target\":{\"@type\":\"EntryPoint\",\"urlTemplate\":\"https:\/\/realestatesanluispotosi.com\/?s={search_term_string}\"},\"query-input\":{\"@type\":\"PropertyValueSpecification\",\"valueRequired\":true,\"valueName\":\"search_term_string\"}}],\"inLanguage\":\"en-US\"},{\"@type\":\"Organization\",\"@id\":\"https:\/\/realestatesanluispotosi.com\/#organization\",\"name\":\"Baez Real Estate San Luis Potos\u00ed Bienes ra\u00edces\",\"url\":\"https:\/\/realestatesanluispotosi.com\/\",\"logo\":{\"@type\":\"ImageObject\",\"inLanguage\":\"en-US\",\"@id\":\"https:\/\/realestatesanluispotosi.com\/#\/schema\/logo\/image\/\",\"url\":\"https:\/\/realestatesanluispotosi.com\/wp-content\/uploads\/2021\/05\/Baez-Logo-Real-Estate-.jpg\",\"contentUrl\":\"https:\/\/realestatesanluispotosi.com\/wp-content\/uploads\/2021\/05\/Baez-Logo-Real-Estate-.jpg\",\"width\":855,\"height\":646,\"caption\":\"Baez Real Estate San Luis Potos\u00ed Bienes ra\u00edces\"},\"image\":{\"@id\":\"https:\/\/realestatesanluispotosi.com\/#\/schema\/logo\/image\/\"},\"sameAs\":[\"https:\/\/www.facebook.com\/BaezRealEstateSanLuisPotosi\"]}]}<\/script>\n<!-- \/ Yoast SEO plugin. -->","yoast_head_json":{"title":"Conocimiento inmobiliario - agente inmobiliario autorizado","description":"EL AGENTE INMOBILIARIO LEGALMENTE AUTORIZADO ,Los bienes ra\u00edces son una industria de servicios, un negocio de persona a persona","robots":{"index":"index","follow":"follow","max-image-preview":"max-image-preview:large","max-video-preview":"max-video-preview:-1","snippet":"nosnippet"},"canonical":"https:\/\/realestatesanluispotosi.com\/english\/conocimiento-inmobiliario\/","og_locale":"en_US","og_type":"article","og_title":"Baez Real Estate - Conocimiento inmobiliario","og_description":"En 2015, el Gobierno del Estado de San Luis Potos\u00ed, autoriz\u00f3 la \u00faltima modificaci\u00f3n a la LEY DEL REGISTRO DE AGENTES INMOBILIARIOS DEL ESTADO DE SAN LUIS","og_url":"https:\/\/realestatesanluispotosi.com\/english\/conocimiento-inmobiliario\/","og_site_name":"Baez Real Estate","article_publisher":"https:\/\/www.facebook.com\/BaezRealEstateSanLuisPotosi","article_modified_time":"2025-03-05T22:57:26+00:00","og_image":[{"width":2560,"height":1707,"url":"https:\/\/realestatesanluispotosi.com\/wp-content\/uploads\/2021\/05\/residential-brick-house-scaled.jpg","type":"image\/jpeg"}],"twitter_card":"summary_large_image","twitter_title":"Baez Real Estate - Conocimiento inmobiliario","twitter_description":"En 2015, el Gobierno del Estado de San Luis Potos\u00ed, autoriz\u00f3 la \u00faltima modificaci\u00f3n a la LEY DEL REGISTRO DE AGENTES INMOBILIARIOS DEL ESTADO DE SAN LUIS","twitter_image":"https:\/\/realestatesanluispotosi.com\/wp-content\/uploads\/2021\/05\/residential-brick-house-scaled.jpg","twitter_misc":{"Est. reading time":"3 minutes"},"schema":{"@context":"https:\/\/schema.org","@graph":[{"@type":"WebPage","@id":"https:\/\/realestatesanluispotosi.com\/conocimiento-inmobiliario\/","url":"https:\/\/realestatesanluispotosi.com\/conocimiento-inmobiliario\/","name":"Conocimiento inmobiliario - agente inmobiliario autorizado","isPartOf":{"@id":"https:\/\/realestatesanluispotosi.com\/#website"},"datePublished":"2021-05-02T19:44:54+00:00","dateModified":"2025-03-05T22:57:26+00:00","description":"EL AGENTE INMOBILIARIO LEGALMENTE AUTORIZADO ,Los bienes ra\u00edces son una industria de servicios, un negocio de persona a persona","breadcrumb":{"@id":"https:\/\/realestatesanluispotosi.com\/conocimiento-inmobiliario\/#breadcrumb"},"inLanguage":"en-US","potentialAction":[{"@type":"ReadAction","target":["https:\/\/realestatesanluispotosi.com\/conocimiento-inmobiliario\/"]}]},{"@type":"BreadcrumbList","@id":"https:\/\/realestatesanluispotosi.com\/conocimiento-inmobiliario\/#breadcrumb","itemListElement":[{"@type":"ListItem","position":1,"name":"Inicio","item":"https:\/\/realestatesanluispotosi.com\/"},{"@type":"ListItem","position":2,"name":"mendizabal, agente inmobiliario, Balmaceda, ventas eufer"}]},{"@type":"WebSite","@id":"https:\/\/realestatesanluispotosi.com\/#website","url":"https:\/\/realestatesanluispotosi.com\/","name":"Baez Real Estate","description":"Inmobiliaria, especialista en  la compra y venta de bienes raizes","publisher":{"@id":"https:\/\/realestatesanluispotosi.com\/#organization"},"potentialAction":[{"@type":"SearchAction","target":{"@type":"EntryPoint","urlTemplate":"https:\/\/realestatesanluispotosi.com\/?s={search_term_string}"},"query-input":{"@type":"PropertyValueSpecification","valueRequired":true,"valueName":"search_term_string"}}],"inLanguage":"en-US"},{"@type":"Organization","@id":"https:\/\/realestatesanluispotosi.com\/#organization","name":"Baez Real Estate San Luis Potos\u00ed Bienes ra\u00edces","url":"https:\/\/realestatesanluispotosi.com\/","logo":{"@type":"ImageObject","inLanguage":"en-US","@id":"https:\/\/realestatesanluispotosi.com\/#\/schema\/logo\/image\/","url":"https:\/\/realestatesanluispotosi.com\/wp-content\/uploads\/2021\/05\/Baez-Logo-Real-Estate-.jpg","contentUrl":"https:\/\/realestatesanluispotosi.com\/wp-content\/uploads\/2021\/05\/Baez-Logo-Real-Estate-.jpg","width":855,"height":646,"caption":"Baez Real Estate San Luis Potos\u00ed Bienes ra\u00edces"},"image":{"@id":"https:\/\/realestatesanluispotosi.com\/#\/schema\/logo\/image\/"},"sameAs":["https:\/\/www.facebook.com\/BaezRealEstateSanLuisPotosi"]}]}},"_links":{"self":[{"href":"https:\/\/realestatesanluispotosi.com\/english\/wp-json\/wp\/v2\/pages\/198","targetHints":{"allow":["GET"]}}],"collection":[{"href":"https:\/\/realestatesanluispotosi.com\/english\/wp-json\/wp\/v2\/pages"}],"about":[{"href":"https:\/\/realestatesanluispotosi.com\/english\/wp-json\/wp\/v2\/types\/page"}],"author":[{"embeddable":true,"href":"https:\/\/realestatesanluispotosi.com\/english\/wp-json\/wp\/v2\/users\/1"}],"replies":[{"embeddable":true,"href":"https:\/\/realestatesanluispotosi.com\/english\/wp-json\/wp\/v2\/comments?post=198"}],"version-history":[{"count":17,"href":"https:\/\/realestatesanluispotosi.com\/english\/wp-json\/wp\/v2\/pages\/198\/revisions"}],"predecessor-version":[{"id":1104,"href":"https:\/\/realestatesanluispotosi.com\/english\/wp-json\/wp\/v2\/pages\/198\/revisions\/1104"}],"wp:attachment":[{"href":"https:\/\/realestatesanluispotosi.com\/english\/wp-json\/wp\/v2\/media?parent=198"}],"curies":[{"name":"wp","href":"https:\/\/api.w.org\/{rel}","templated":true}]}}