{"id":1125,"date":"2025-09-24T15:04:19","date_gmt":"2025-09-24T21:04:19","guid":{"rendered":"https:\/\/realestatesanluispotosi.com\/?page_id=1125"},"modified":"2026-03-12T15:16:08","modified_gmt":"2026-03-12T21:16:08","slug":"renta-persona-moral","status":"publish","type":"page","link":"https:\/\/realestatesanluispotosi.com\/english\/renta-persona-moral\/","title":{"rendered":"Renta persona moral"},"content":{"rendered":"<div class=\"slider-wrapper relative\" id=\"slider-1575614882\" >\n    <div class=\"slider slider-type-fade slider-nav-circle slider-nav-large slider-nav-light slider-nav-outside slider-style-normal\"\n        data-flickity-options='{            \"cellAlign\": \"center\",            \"imagesLoaded\": true,            \"lazyLoad\": 1,            \"freeScroll\": false,            \"wrapAround\": true,            \"autoPlay\": 6000,            \"pauseAutoPlayOnHover\" : true,            \"prevNextButtons\": false,            \"contain\" : true,            \"adaptiveHeight\" : true,            \"dragThreshold\" : 5,            \"percentPosition\": true,            \"pageDots\": false,            \"rightToLeft\": false,            \"draggable\": true,            \"selectedAttraction\": 0.1,            \"parallax\" : 0,            \"friction\": 0.6        }'\n        >\n        \n\n\n  <div class=\"banner has-hover\" id=\"banner-908975548\">\n          <div class=\"banner-inner fill\">\n        <div class=\"banner-bg fill\" >\n            <div class=\"bg fill bg-fill\"><\/div>\n                        <div class=\"overlay\"><\/div>            \n                    <\/div><!-- bg-layers -->\n        <div class=\"banner-layers container\">\n            <div class=\"fill banner-link\"><\/div>            \n\n   <div id=\"text-box-1093091680\" class=\"text-box banner-layer x5 md-x5 lg-x5 y50 md-y50 lg-y50 res-text\">\n                     <div data-animate=\"bounceInLeft\">           <div class=\"text dark\">\n              \n              <div class=\"text-inner text-left\">\n                  \n\n<div class=\"row\"  id=\"row-338427312\">\n\n<div class=\"col small-12 large-12\"  ><div class=\"col-inner\"  >\n\n<a class=\"button primary lowercase\"  style=\"border-radius:4px;\">\n    <span>Solicitud de renta persona moral<\/span>\n  <i class=\"icon-map-pin-fill\" ><\/i><\/a>\n\n\n<h4 class=\"uppercase\"><span data-text-color=\"FFFFFF\"><strong>Renta para persona moral<\/strong><\/span><\/h4>\n<p>proceso de arrendamiento para empresas, sociedades y personas jur\u00eddicas. Asesor\u00eda especializada de B\u00e1ez Real Estate en San Luis Potos\u00ec<\/p>\n\n<\/div><\/div>\n\n<\/div>\n\n              <\/div>\n           <\/div><!-- text-box-inner -->\n       <\/div>                     \n<style scope=\"scope\">\n\n#text-box-1093091680 {\n  width: 60%;\n}\n#text-box-1093091680 .text {\n  font-size: 100%;\n}\n\n\n@media (min-width:550px) {\n\n  #text-box-1093091680 {\n    width: 40%;\n  }\n\n}\n<\/style>\n    <\/div><!-- text-box -->\n \n   <div id=\"text-box-447296551\" class=\"text-box banner-layer x95 md-x95 lg-x95 y25 md-y25 lg-y25 res-text\">\n                                <div class=\"text\">\n              \n              <div class=\"text-inner text-left\">\n                  \n\n<div class=\"row\"  id=\"row-2117200514\">\n\n<div class=\"col hide-for-small medium-6 small-12 large-6\"  data-animate=\"fadeInLeft\"><div class=\"col-inner text-center dark\" style=\"background-color:rgba(62, 148, 0, 0.42);padding:4px 0px 4px 0px;\" >\n\n<h3><strong>1993<\/strong><\/h3>\n<h6>EN EL MERCADO<\/h6>\n\n<\/div><\/div>\n<div class=\"col hide-for-small medium-6 small-12 large-6\"  data-animate=\"bounceInDown\"><div class=\"col-inner text-center dark\" style=\"background-color:rgba(62, 148, 0, 0.42);padding:4px 0px 4px 0px;\" >\n\n<h3 class=\"uppercase\"><strong>SLP<\/strong><\/h3>\n<h6>SAN LUIS POTOS\u00cd<\/h6>\n\n<\/div><\/div>\n\n<\/div>\n<div class=\"row\"  id=\"row-296828058\">\n\n<div class=\"col hide-for-small small-12 large-12\"  data-animate=\"blurIn\"><div class=\"col-inner dark\" style=\"background-color:rgba(80, 161, 22, 0.79);padding:0px 0px 17px 0px;margin:0px 0px -19px 0px;\" >\n\n<h4 style=\"text-align: center;\"><strong>\ud83c\udfc5\u00a0 Socios AMPI &amp; REALTOR<\/strong><\/h4>\n<div>\n<div class=\"hf-l\" style=\"text-align: center;\">Licencia Estatal SDE-RAI-AGIR-02-006<\/div>\n<\/div>\n\n<\/div><\/div>\n\n\n<style scope=\"scope\">\n\n#row-296828058 > .col > .col-inner {\n  background-color: rgba(80, 161, 22, 0.51);\n}\n<\/style>\n<\/div>\n\n              <\/div>\n           <\/div><!-- text-box-inner -->\n                            \n<style scope=\"scope\">\n\n#text-box-447296551 {\n  width: 60%;\n}\n#text-box-447296551 .text {\n  font-size: 100%;\n}\n\n\n@media (min-width:550px) {\n\n  #text-box-447296551 {\n    width: 40%;\n  }\n\n}\n<\/style>\n    <\/div><!-- text-box -->\n \n\n        <\/div><!-- .banner-layers -->\n      <\/div><!-- .banner-inner -->\n\n            \n<style scope=\"scope\">\n\n#banner-908975548 {\n  padding-top: 500px;\n  background-color: rgb(255, 255, 255);\n}\n#banner-908975548 .bg.bg-loaded {\n  background-image: url(https:\/\/realestatesanluispotosi.com\/wp-content\/uploads\/2023\/11\/IMG-20221202-WA0013-1024x576.jpg);\n}\n#banner-908975548 .overlay {\n  background-color: rgba(29, 27, 27, 0.44);\n}\n<\/style>\n  <\/div><!-- .banner -->\n\n\n\n     <\/div>\n\n     <div class=\"loading-spin dark large centered\"><\/div>\n\n     <style scope=\"scope\">\n             <\/style>\n<\/div><!-- .ux-slider-wrapper -->\n\n\n<div class=\"gap-element\" style=\"display:block; height:auto; padding-top:27px\"><\/div>\n\n\t<section class=\"section dark has-mask mask-arrow\" id=\"section_1829167477\">\n\t\t<div class=\"bg section-bg fill bg-fill  bg-loaded\" >\n\n\t\t\t\n\t\t\t<div class=\"section-bg-overlay absolute fill\"><\/div>\n\t\t\t\n\t<div class=\"is-border\"\n\t\tstyle=\"border-color:rgb(235, 235, 235);border-width:1px 0px 0px 0px;\">\n\t<\/div>\n\n\t\t<\/div><!-- .section-bg -->\n\n\t\t<div class=\"section-content relative\">\n\t\t\t\n\n<div class=\"row\"  id=\"row-2113093840\">\n\n<div class=\"col small-12 large-12\"  ><div class=\"col-inner text-shadow-2\"  >\n\n<h5 style=\"text-align: center;\">Bienvenido, a continuaci\u00f3n se le mostrara una lista de documentaci\u00f3n requerida para la solicitud de arrendamiento. Esta se se le pedir\u00e1 que la suba al concluir con su informaci\u00f3n al concluir esta solicitud<\/h5>\n\n<\/div><\/div>\n\n<\/div>\n<div class=\"row\"  id=\"row-968251882\">\n\n<div class=\"col medium-4 small-12 large-4\"  ><div class=\"col-inner text-shadow-2\"  >\n\n<h4><strong>Documentaci\u00f3n de identificaci\u00f3n.<\/strong><\/h4>\n<ul>\n<li>INE (ambos lados)\u00a0<\/li>\n<li>PASAPORTE<\/li>\n<li>C\u00c9DULA PROFESIONAL<\/li>\n<li>CURP BIOM\u00c8TRICA<\/li>\n<\/ul>\n<p style=\"text-align: center;\">puede ser alguno de estos documentos para su identificaci\u00f3n<\/p>\n\n<\/div><\/div>\n<div class=\"col medium-4 small-12 large-4\"  ><div class=\"col-inner text-shadow-2\"  >\n\n<h4 style=\"text-align: center;\"><strong>Comprobante de domicilio\u00a0 de la empresa.<\/strong><\/h4>\n<p>Comprobante de domicilio de la empresa no mayor a dos meses ( luz, agua, tel\u00e9fono, gas)\u00a0<\/p>\n<ul>\n<li>-Recibo de Luz<\/li>\n<li>-Recibo de agua<\/li>\n<li>-Recibo de gas<\/li>\n<li>-Recibo de tel\u00e9fono\u00a0 o internet<\/li>\n<\/ul>\n<p style=\"text-align: center;\">Puede ser alguno de estos\u00a0<\/p>\n\n<\/div><\/div>\n<div class=\"col medium-4 small-12 large-4\"  ><div class=\"col-inner text-shadow-2\"  >\n\n<h4 style=\"text-align: center;\"><strong>Comprobante de domicilio apoderado legal<\/strong><\/h4>\n<p>Comprobante de domicilio de la empresa no mayor a dos meses ( luz, agua, tel\u00e9fono, gas)\u00a0<\/p>\n<ul>\n<li>-Recibo de Luz<\/li>\n<li>-Recibo de agua<\/li>\n<li>-Recibo de gas<\/li>\n<li>-Recibo de tel\u00e9fono\u00a0 o internet<\/li>\n<\/ul>\n<p>Puede ser alguno de estos\u00a0<\/p>\n\n<\/div><\/div>\n\n<\/div>\n<div class=\"row\"  id=\"row-1900011611\">\n\n<div class=\"col medium-4 small-12 large-4\"  ><div class=\"col-inner text-shadow-2\"  >\n\n<h4><strong>Comprobantes de ingresos de la empresa<\/strong><\/h4>\n<ul>\n<li>\u00d9ltimos 3 estados\u00a0 de cuenta bancarios.<\/li>\n<\/ul>\n\n<\/div><\/div>\n<div class=\"col medium-4 small-12 large-4\"  ><div class=\"col-inner text-shadow-2\"  >\n\n<h4 style=\"text-align: center;\"><strong>Documentaci\u00f3n legal de la empresa:\u00a0<\/strong><\/h4>\n<ul>\n<li>Acta constitutiva.\u00a0<\/li>\n<li>Poder del representante legal (si aplica)\u00a0<\/li>\n<\/ul>\n\n<\/div><\/div>\n<div class=\"col medium-4 small-12 large-4\"  ><div class=\"col-inner text-shadow-2\"  >\n\n<h4><strong>Constancia\u00a0 de situaci\u00f3n fiscal(CSF)\u00a0<\/strong><\/h4>\n<ul>\n<li>Debe estar actualizada (no mayor a un mes)\u00a0<\/li>\n<\/ul>\n<h4><strong>Declaraci\u00f3n fiscal\u00a0<\/strong><\/h4>\n<ul>\n<li>\u00daltima declaraci\u00f3n\u00a0 anual presentada ante el SAT<\/li>\n<\/ul>\n\n<\/div><\/div>\n\n<\/div>\n\n\t\t<\/div><!-- .section-content -->\n\n\t\t\n<style scope=\"scope\">\n\n#section_1829167477 {\n  padding-top: 59px;\n  padding-bottom: 59px;\n  min-height: 300px;\n  background-color: rgb(0, 0, 0);\n}\n#section_1829167477 .section-bg-overlay {\n  background-color: rgba(0, 0, 0, 0.4);\n}\n<\/style>\n\t<\/section>\n\t\n<div class=\"row\"  id=\"row-903709819\">\n\n<div class=\"col medium-8 small-12 large-8\"  ><div class=\"col-inner\"  >\n\n<p><br \/>\n<form id=\"forminator-module-1124\" class=\"forminator-custom-form forminator-custom-form-1124\" method=\"post\" data-forminator-render=\"0\" data-uid=\"69f84bc391162\" action=\"\"><div role=\"alert\" aria-live=\"polite\" class=\"forminator-response-message forminator-error\" aria-hidden=\"true\"><\/div><input type=\"hidden\" name=\"trp-form-language\" value=\"english\"\/><\/form>\n<\/p>\n\n<\/div><\/div>\n<div class=\"col medium-4 small-12 large-4\"  ><div class=\"col-inner\"  >\n\n<ul class=\"sidebar-wrapper ul-reset\"><div id=\"custom_html-2\" class=\"widget_text col pb-0 widget widget_custom_html\"><span class=\"widget-title\">\u00bfPor qu\u00e9 B\u00e1ez Real Estate?<\/span><div class=\"is-divider small\"><\/div><div class=\"textwidget custom-html-widget\"><lu>\r\n<li>\ud83c\udfc5 +30 a\u00f1os de experiencia\r\nPresencia en SLP desde 1993.<\/li>\r\n<li>\u2696\ufe0f Licencia Estatal Oficial\r\nLic. SDE-RAI-AGIR-02-006.<\/li>\r\n<li>\ud83e\udd1d AMPI & REALTOR certificado\r\nEst\u00e1ndares internacionales.<\/li>\r\n<li>\ud83d\udd12 Datos 100% confidenciales\r\nTotal protecci\u00f3n de su informaci\u00f3n.<\/li>\r\n<li>\ud83d\udcf1 App AMPI San Luis\r\nTecnolog\u00eda para su b\u00fasqueda<\/li>\r\n<\/lu>\r\n\r\n<\/div><\/div><div id=\"text-3\" class=\"col pb-0 widget widget_text\"><span class=\"widget-title\">\ud83d\udcde Contacto Directo<\/span><div class=\"is-divider small\"><\/div>\t\t\t<div class=\"textwidget\"><p><strong>B\u00e1ez Real Estate SLP<\/strong><\/p>\n<p>\ud83d\udce7 contacto@realestatesanluispotosi.com<\/p>\n<p>\ud83c\udfc5 Socio AMPI \u00b7 Secci\u00f3n San Luis Potos\u00ed<\/p>\n<p>\ud83d\udccb REALTOR NRDS ID: 061215970<\/p>\n<div><strong>Horario:<\/strong><\/div>\n<div>Lun \u2013 Vie: 9:00 \u2013 18:00 hrs<\/div>\n<div><\/div>\n<\/div>\n\t\t<\/div><\/ul>\n\n\n<\/div><\/div>\n\n<\/div>","protected":false},"excerpt":{"rendered":"","protected":false},"author":1,"featured_media":0,"parent":0,"menu_order":0,"comment_status":"closed","ping_status":"closed","template":"page-blank.php","meta":{"_joinchat":[],"footnotes":""},"class_list":["post-1125","page","type-page","status-publish","hentry"],"yoast_head":"<!-- This site is optimized with the Yoast SEO plugin v27.1.1 - https:\/\/yoast.com\/product\/yoast-seo-wordpress\/ -->\n<title>Renta persona moral - Baez Real Estate<\/title>\n<meta name=\"description\" content=\"espeialista en venta y compra de , casas, locales, comerciales, edificio, renta, arrendamiento, residencia, Terrenos, industriales, bodegas, departamentos, PENTHOUSE, mansi\u00f3n, urbano, construcci\u00f3n, fraccionamiento, finca, hipoteca, plusval\u00eda, oportunidad, remate, oferta, anuncios espectaculares, inmobiliario, inmueble, real estate, property, industrial facility, house, land, san luis potosi, warehouses, apartments, urban, construction, appreciation, opportunity, trader, seller, broker, realtor, commercial, building, rent, lease, leasing, AMPI, A.M.P.I., mortgage, Realtor\" \/>\n<meta name=\"robots\" content=\"index, follow, max-snippet:-1, max-image-preview:large, max-video-preview:-1\" \/>\n<link rel=\"canonical\" href=\"https:\/\/realestatesanluispotosi.com\/english\/renta-persona-moral\/\" \/>\n<meta property=\"og:locale\" content=\"en_US\" \/>\n<meta property=\"og:type\" content=\"article\" \/>\n<meta property=\"og:title\" content=\"Renta persona moral - Baez Real Estate\" \/>\n<meta property=\"og:description\" content=\"espeialista en venta y compra de , casas, locales, comerciales, edificio, renta, arrendamiento, residencia, Terrenos, industriales, bodegas, departamentos, PENTHOUSE, mansi\u00f3n, urbano, construcci\u00f3n, fraccionamiento, finca, hipoteca, plusval\u00eda, oportunidad, remate, oferta, anuncios espectaculares, inmobiliario, inmueble, real estate, property, industrial facility, house, land, san luis potosi, warehouses, apartments, urban, construction, appreciation, opportunity, trader, seller, broker, realtor, commercial, building, rent, lease, leasing, AMPI, A.M.P.I., mortgage, Realtor\" \/>\n<meta property=\"og:url\" content=\"https:\/\/realestatesanluispotosi.com\/english\/renta-persona-moral\/\" \/>\n<meta property=\"og:site_name\" content=\"Baez Real Estate\" \/>\n<meta property=\"article:publisher\" content=\"https:\/\/www.facebook.com\/BaezRealEstateSanLuisPotosi\" \/>\n<meta property=\"article:modified_time\" content=\"2026-03-12T21:16:08+00:00\" \/>\n<meta property=\"og:image\" content=\"https:\/\/realestatesanluispotosi.com\/wp-content\/uploads\/2021\/05\/Baez-Logo-Real-Estate-.jpg\" \/>\n\t<meta property=\"og:image:width\" content=\"855\" \/>\n\t<meta property=\"og:image:height\" content=\"646\" \/>\n\t<meta property=\"og:image:type\" content=\"image\/jpeg\" \/>\n<meta name=\"twitter:card\" content=\"summary_large_image\" \/>\n<meta name=\"twitter:label1\" content=\"Est. reading time\" \/>\n\t<meta name=\"twitter:data1\" content=\"2 minutes\" \/>\n<script type=\"application\/ld+json\" class=\"yoast-schema-graph\">{\"@context\":\"https:\/\/schema.org\",\"@graph\":[{\"@type\":\"WebPage\",\"@id\":\"https:\/\/realestatesanluispotosi.com\/renta-persona-moral\/\",\"url\":\"https:\/\/realestatesanluispotosi.com\/renta-persona-moral\/\",\"name\":\"Renta persona moral - Baez Real Estate\",\"isPartOf\":{\"@id\":\"https:\/\/realestatesanluispotosi.com\/#website\"},\"datePublished\":\"2025-09-24T21:04:19+00:00\",\"dateModified\":\"2026-03-12T21:16:08+00:00\",\"description\":\"espeialista en venta y compra de , casas, locales, comerciales, edificio, renta, arrendamiento, residencia, Terrenos, industriales, bodegas, departamentos, PENTHOUSE, mansi\u00f3n, urbano, construcci\u00f3n, fraccionamiento, finca, hipoteca, plusval\u00eda, oportunidad, remate, oferta, anuncios espectaculares, inmobiliario, inmueble, real estate, property, industrial facility, house, land, san luis potosi, warehouses, apartments, urban, construction, appreciation, opportunity, trader, seller, broker, realtor, commercial, building, rent, lease, leasing, AMPI, A.M.P.I., mortgage, Realtor\",\"breadcrumb\":{\"@id\":\"https:\/\/realestatesanluispotosi.com\/renta-persona-moral\/#breadcrumb\"},\"inLanguage\":\"en-US\",\"potentialAction\":[{\"@type\":\"ReadAction\",\"target\":[\"https:\/\/realestatesanluispotosi.com\/renta-persona-moral\/\"]}]},{\"@type\":\"BreadcrumbList\",\"@id\":\"https:\/\/realestatesanluispotosi.com\/renta-persona-moral\/#breadcrumb\",\"itemListElement\":[{\"@type\":\"ListItem\",\"position\":1,\"name\":\"Inicio\",\"item\":\"https:\/\/realestatesanluispotosi.com\/\"},{\"@type\":\"ListItem\",\"position\":2,\"name\":\"Renta persona moral\"}]},{\"@type\":\"WebSite\",\"@id\":\"https:\/\/realestatesanluispotosi.com\/#website\",\"url\":\"https:\/\/realestatesanluispotosi.com\/\",\"name\":\"Baez Real Estate\",\"description\":\"Inmobiliaria, especialista en  la compra y venta de bienes raizes\",\"publisher\":{\"@id\":\"https:\/\/realestatesanluispotosi.com\/#organization\"},\"potentialAction\":[{\"@type\":\"SearchAction\",\"target\":{\"@type\":\"EntryPoint\",\"urlTemplate\":\"https:\/\/realestatesanluispotosi.com\/?s={search_term_string}\"},\"query-input\":{\"@type\":\"PropertyValueSpecification\",\"valueRequired\":true,\"valueName\":\"search_term_string\"}}],\"inLanguage\":\"en-US\"},{\"@type\":\"Organization\",\"@id\":\"https:\/\/realestatesanluispotosi.com\/#organization\",\"name\":\"Baez Real Estate San Luis Potos\u00ed Bienes ra\u00edces\",\"url\":\"https:\/\/realestatesanluispotosi.com\/\",\"logo\":{\"@type\":\"ImageObject\",\"inLanguage\":\"en-US\",\"@id\":\"https:\/\/realestatesanluispotosi.com\/#\/schema\/logo\/image\/\",\"url\":\"https:\/\/realestatesanluispotosi.com\/wp-content\/uploads\/2021\/05\/Baez-Logo-Real-Estate-.jpg\",\"contentUrl\":\"https:\/\/realestatesanluispotosi.com\/wp-content\/uploads\/2021\/05\/Baez-Logo-Real-Estate-.jpg\",\"width\":855,\"height\":646,\"caption\":\"Baez Real Estate San Luis Potos\u00ed Bienes ra\u00edces\"},\"image\":{\"@id\":\"https:\/\/realestatesanluispotosi.com\/#\/schema\/logo\/image\/\"},\"sameAs\":[\"https:\/\/www.facebook.com\/BaezRealEstateSanLuisPotosi\"]}]}<\/script>\n<!-- \/ Yoast SEO plugin. -->","yoast_head_json":{"title":"Renta persona moral - Baez Real Estate","description":"espeialista en venta y compra de , casas, locales, comerciales, edificio, renta, arrendamiento, residencia, Terrenos, industriales, bodegas, departamentos, PENTHOUSE, mansi\u00f3n, urbano, construcci\u00f3n, fraccionamiento, finca, hipoteca, plusval\u00eda, oportunidad, remate, oferta, anuncios espectaculares, inmobiliario, inmueble, real estate, property, industrial facility, house, land, san luis potosi, warehouses, apartments, urban, construction, appreciation, opportunity, trader, seller, broker, realtor, commercial, building, rent, lease, leasing, AMPI, A.M.P.I., mortgage, Realtor","robots":{"index":"index","follow":"follow","max-snippet":"max-snippet:-1","max-image-preview":"max-image-preview:large","max-video-preview":"max-video-preview:-1"},"canonical":"https:\/\/realestatesanluispotosi.com\/english\/renta-persona-moral\/","og_locale":"en_US","og_type":"article","og_title":"Renta persona moral - Baez Real Estate","og_description":"espeialista en venta y compra de , casas, locales, comerciales, edificio, renta, arrendamiento, residencia, Terrenos, industriales, bodegas, departamentos, PENTHOUSE, mansi\u00f3n, urbano, construcci\u00f3n, fraccionamiento, finca, hipoteca, plusval\u00eda, oportunidad, remate, oferta, anuncios espectaculares, inmobiliario, inmueble, real estate, property, industrial facility, house, land, san luis potosi, warehouses, apartments, urban, construction, appreciation, opportunity, trader, seller, broker, realtor, commercial, building, rent, lease, leasing, AMPI, A.M.P.I., mortgage, Realtor","og_url":"https:\/\/realestatesanluispotosi.com\/english\/renta-persona-moral\/","og_site_name":"Baez Real Estate","article_publisher":"https:\/\/www.facebook.com\/BaezRealEstateSanLuisPotosi","article_modified_time":"2026-03-12T21:16:08+00:00","og_image":[{"width":855,"height":646,"url":"https:\/\/realestatesanluispotosi.com\/wp-content\/uploads\/2021\/05\/Baez-Logo-Real-Estate-.jpg","type":"image\/jpeg"}],"twitter_card":"summary_large_image","twitter_misc":{"Est. reading time":"2 minutes"},"schema":{"@context":"https:\/\/schema.org","@graph":[{"@type":"WebPage","@id":"https:\/\/realestatesanluispotosi.com\/renta-persona-moral\/","url":"https:\/\/realestatesanluispotosi.com\/renta-persona-moral\/","name":"Renta persona moral - Baez Real Estate","isPartOf":{"@id":"https:\/\/realestatesanluispotosi.com\/#website"},"datePublished":"2025-09-24T21:04:19+00:00","dateModified":"2026-03-12T21:16:08+00:00","description":"espeialista en venta y compra de , casas, locales, comerciales, edificio, renta, arrendamiento, residencia, Terrenos, industriales, bodegas, departamentos, PENTHOUSE, mansi\u00f3n, urbano, construcci\u00f3n, fraccionamiento, finca, hipoteca, plusval\u00eda, oportunidad, remate, oferta, anuncios espectaculares, inmobiliario, inmueble, real estate, property, industrial facility, house, land, san luis potosi, warehouses, apartments, urban, construction, appreciation, opportunity, trader, seller, broker, realtor, commercial, building, rent, lease, leasing, AMPI, A.M.P.I., mortgage, Realtor","breadcrumb":{"@id":"https:\/\/realestatesanluispotosi.com\/renta-persona-moral\/#breadcrumb"},"inLanguage":"en-US","potentialAction":[{"@type":"ReadAction","target":["https:\/\/realestatesanluispotosi.com\/renta-persona-moral\/"]}]},{"@type":"BreadcrumbList","@id":"https:\/\/realestatesanluispotosi.com\/renta-persona-moral\/#breadcrumb","itemListElement":[{"@type":"ListItem","position":1,"name":"Inicio","item":"https:\/\/realestatesanluispotosi.com\/"},{"@type":"ListItem","position":2,"name":"Renta persona moral"}]},{"@type":"WebSite","@id":"https:\/\/realestatesanluispotosi.com\/#website","url":"https:\/\/realestatesanluispotosi.com\/","name":"Baez Real Estate","description":"Inmobiliaria, especialista en  la compra y venta de bienes raizes","publisher":{"@id":"https:\/\/realestatesanluispotosi.com\/#organization"},"potentialAction":[{"@type":"SearchAction","target":{"@type":"EntryPoint","urlTemplate":"https:\/\/realestatesanluispotosi.com\/?s={search_term_string}"},"query-input":{"@type":"PropertyValueSpecification","valueRequired":true,"valueName":"search_term_string"}}],"inLanguage":"en-US"},{"@type":"Organization","@id":"https:\/\/realestatesanluispotosi.com\/#organization","name":"Baez Real Estate San Luis Potos\u00ed Bienes ra\u00edces","url":"https:\/\/realestatesanluispotosi.com\/","logo":{"@type":"ImageObject","inLanguage":"en-US","@id":"https:\/\/realestatesanluispotosi.com\/#\/schema\/logo\/image\/","url":"https:\/\/realestatesanluispotosi.com\/wp-content\/uploads\/2021\/05\/Baez-Logo-Real-Estate-.jpg","contentUrl":"https:\/\/realestatesanluispotosi.com\/wp-content\/uploads\/2021\/05\/Baez-Logo-Real-Estate-.jpg","width":855,"height":646,"caption":"Baez Real Estate San Luis Potos\u00ed Bienes ra\u00edces"},"image":{"@id":"https:\/\/realestatesanluispotosi.com\/#\/schema\/logo\/image\/"},"sameAs":["https:\/\/www.facebook.com\/BaezRealEstateSanLuisPotosi"]}]}},"_links":{"self":[{"href":"https:\/\/realestatesanluispotosi.com\/english\/wp-json\/wp\/v2\/pages\/1125","targetHints":{"allow":["GET"]}}],"collection":[{"href":"https:\/\/realestatesanluispotosi.com\/english\/wp-json\/wp\/v2\/pages"}],"about":[{"href":"https:\/\/realestatesanluispotosi.com\/english\/wp-json\/wp\/v2\/types\/page"}],"author":[{"embeddable":true,"href":"https:\/\/realestatesanluispotosi.com\/english\/wp-json\/wp\/v2\/users\/1"}],"replies":[{"embeddable":true,"href":"https:\/\/realestatesanluispotosi.com\/english\/wp-json\/wp\/v2\/comments?post=1125"}],"version-history":[{"count":48,"href":"https:\/\/realestatesanluispotosi.com\/english\/wp-json\/wp\/v2\/pages\/1125\/revisions"}],"predecessor-version":[{"id":1200,"href":"https:\/\/realestatesanluispotosi.com\/english\/wp-json\/wp\/v2\/pages\/1125\/revisions\/1200"}],"wp:attachment":[{"href":"https:\/\/realestatesanluispotosi.com\/english\/wp-json\/wp\/v2\/media?parent=1125"}],"curies":[{"name":"wp","href":"https:\/\/api.w.org\/{rel}","templated":true}]}}